{"id":1836,"date":"2020-02-05T16:27:05","date_gmt":"2020-02-05T15:27:05","guid":{"rendered":"https:\/\/alicante.eleusal.com\/alicante-copy\/"},"modified":"2025-11-27T09:33:01","modified_gmt":"2025-11-27T08:33:01","slug":"contacto","status":"publish","type":"page","link":"https:\/\/alicante.eleusal.com\/es\/contacto\/","title":{"rendered":"Contacto"},"content":{"rendered":"<p>[vc_row css_animation=\u00bb\u00bb row_type=\u00bbrow\u00bb use_row_as_full_screen_section=\u00bbno\u00bb type=\u00bbgrid\u00bb angled_section=\u00bbno\u00bb text_align=\u00bbcenter\u00bb background_image_as_pattern=\u00bbwithout_pattern\u00bb padding_bottom=\u00bb39&#8243; css=\u00bb.vc_custom_1526025235376{background-color: #ffffff !important;background-position: center !important;background-repeat: no-repeat !important;background-size: cover !important;}\u00bb z_index=\u00bb4&#8243;][vc_column][vc_empty_space height=\u00bb62px\u00bb][vc_column_text][\/vc_column_text][\/vc_column][\/vc_row][vc_row css_animation=\u00bb\u00bb row_type=\u00bbrow\u00bb use_row_as_full_screen_section=\u00bbno\u00bb type=\u00bbgrid\u00bb angled_section=\u00bbno\u00bb text_align=\u00bbleft\u00bb background_image_as_pattern=\u00bbwithout_pattern\u00bb padding_bottom=\u00bb120&#8243; z_index=\u00bb6&#8243; css=\u00bb.vc_custom_1582107374144{margin-top: 0px !important;margin-right: 0px !important;margin-bottom: 0px !important;margin-left: 6px !important;background-color: #ffffff !important;}\u00bb][vc_column width=\u00bb1\/2&#8243;][qode_elements_holder number_of_columns=\u00bbone_column\u00bb][qode_elements_holder_item advanced_animations=\u00bbno\u00bb item_padding=\u00bb6% 6% 6% 6%\u00bb][vc_gmaps link=\u00bb#E-8_JTNDaWZyYW1lJTIwc3JjJTNEJTIyaHR0cHMlM0ElMkYlMkZ3d3cuZ29vZ2xlLmNvbSUyRm1hcHMlMkZlbWJlZCUzRnBiJTNEJTIxMW0xOCUyMTFtMTIlMjExbTMlMjExZDMxMjkuMTAyNDE4MDI2NjU5JTIxMmQtMC40ODY5ODE5ODQzOTE2NDQ3JTIxM2QzOC4zNDY2MTE0ODY4MjUxMyUyMTJtMyUyMTFmMCUyMTJmMCUyMTNmMCUyMTNtMiUyMTFpMTAyNCUyMTJpNzY4JTIxNGYxMy4xJTIxM20zJTIxMW0yJTIxMXMweGQ2MjM3YjI3MjZhYzA5ZCUyNTNBMHhhYWYzZmYyNDQ1NGJmYzk0JTIxMnNSYW1ibGElMjUyME0lMjVDMyUyNUE5bmRleiUyNTIwTiUyNUMzJTI1QkElMjVDMyUyNUIxZXolMjUyQyUyNTIwMzclMjUyQyUyNTIwMDMwMDIlMjUyMEFsaWNhbnRlJTI1MjAlMjhBbGFjYW50JTI5JTI1MkMlMjUyMEFsaWNhbnRlJTIxNWUwJTIxM20yJTIxMXNlcyUyMTJzZXMlMjE0djE1ODIwOTY1OTUzMjglMjE1bTIlMjExc2VzJTIxMnNlcyUyMiUyMHdpZHRoJTNEJTIyNjAwJTIyJTIwaGVpZ2h0JTNEJTIyNDUwJTIyJTIwZnJhbWVib3JkZXIlM0QlMjIwJTIyJTIwc3R5bGUlM0QlMjJib3JkZXIlM0EwJTNCJTIyJTIwYWxsb3dmdWxsc2NyZWVuJTNEJTIyJTIyJTNFJTNDJTJGaWZyYW1lJTNF\u00bb][\/qode_elements_holder_item][\/qode_elements_holder][vc_empty_space]<div class=\"q_icon_list\"><span aria-hidden=\"true\" class=\"qode_icon_font_elegant icon_pin qode-ili-icon-holder transparent\" style=\"font-size: 17px;color: #d22020;\" ><\/span><p style=\"color:#7c7c7c;font-size: 14px;\">ELE USAL Alicante, Rambla M\u00e9ndez N\u00fa\u00f1ez 37, 03002 Alicante (Espa\u00f1a)<\/p><\/div><div class=\"q_icon_list\"><span aria-hidden=\"true\" class=\"qode_icon_font_elegant icon_phone qode-ili-icon-holder transparent\" style=\"font-size: 17px;color: #d22020;\" ><\/span><p style=\"color:#7c7c7c;font-size: 14px;\">(+34) 966 375 066<\/p><\/div><div class=\"q_icon_list\"><span aria-hidden=\"true\" class=\"qode_icon_font_elegant icon_mail qode-ili-icon-holder transparent\" style=\"font-size: 17px;color: #d22020;\" ><\/span><p style=\"color:#7c7c7c;font-size: 14px;\">info@alicante-eleusal.com<\/p><\/div>[\/vc_column][vc_column width=\u00bb1\/2&#8243;][vc_column_text]<\/p>\n<h1 style=\"text-align: center\"><span style=\"color: #d22000\">Contacta con nosotros<\/span><\/h1>\n<p>[\/vc_column_text][vc_column_text]\n<div class=\"wpcf7 no-js\" id=\"wpcf7-f728-o1\" lang=\"en-US\" dir=\"ltr\" data-wpcf7-id=\"728\">\n<div class=\"screen-reader-response\"><p role=\"status\" aria-live=\"polite\" aria-atomic=\"true\"><\/p> <ul><\/ul><\/div>\n<form action=\"\/es\/wp-json\/wp\/v2\/pages\/1836#wpcf7-f728-o1\" method=\"post\" class=\"wpcf7-form init\" aria-label=\"Contact form\" novalidate=\"novalidate\" data-status=\"init\">\n<div style=\"display: none;\">\n<input type=\"hidden\" name=\"_wpcf7\" value=\"728\" \/>\n<input type=\"hidden\" name=\"_wpcf7_version\" value=\"6.0.1\" \/>\n<input type=\"hidden\" name=\"_wpcf7_locale\" value=\"en_US\" \/>\n<input type=\"hidden\" name=\"_wpcf7_unit_tag\" value=\"wpcf7-f728-o1\" \/>\n<input type=\"hidden\" name=\"_wpcf7_container_post\" value=\"0\" \/>\n<input type=\"hidden\" name=\"_wpcf7_posted_data_hash\" value=\"\" \/>\n<\/div>\n<div>\n\t<p><span class=\"wpcf7-form-control-wrap\" data-name=\"text-322\"><input size=\"40\" maxlength=\"400\" class=\"wpcf7-form-control wpcf7-text\" aria-invalid=\"false\" placeholder=\"Introduzca su nombre y apellidos...\" value=\"\" type=\"text\" name=\"text-322\" \/><\/span>\n\t<\/p>\n<\/div>\n<p><span class=\"wpcf7-form-control-wrap\" data-name=\"email-649\"><input size=\"40\" maxlength=\"400\" class=\"wpcf7-form-control wpcf7-email wpcf7-validates-as-required wpcf7-text wpcf7-validates-as-email\" aria-required=\"true\" aria-invalid=\"false\" placeholder=\"Correo electr\u00f3nico\" value=\"\" type=\"email\" name=\"email-649\" \/><\/span>\n<\/p>\n<div>\n\t<p><span class=\"wpcf7-form-control-wrap\" data-name=\"textarea-836\"><textarea cols=\"40\" rows=\"10\" maxlength=\"2000\" class=\"wpcf7-form-control wpcf7-textarea\" aria-invalid=\"false\" placeholder=\"Mensaje\" name=\"textarea-836\"><\/textarea><\/span>\n\t<\/p>\n<\/div>\n<p><label>Estoy interesado en<\/label>\n<\/p>\n<div>\n\t<p><span class=\"wpcf7-form-control-wrap\" data-name=\"Course\"><select class=\"wpcf7-form-control wpcf7-select\" aria-invalid=\"false\" multiple=\"multiple\" name=\"Course[]\"><option value=\"Curso de preparaci\u00f3n al DELE\">Curso de preparaci\u00f3n al DELE<\/option><option value=\"Cursos Intensivos espa\u00f1ol\">Cursos Intensivos espa\u00f1ol<\/option><option value=\"Espa\u00f1ol para empresas\">Espa\u00f1ol para empresas<\/option><option value=\"Curso de formaci\u00f3n para profesores  ELE\">Curso de formaci\u00f3n para profesores  ELE<\/option><option value=\"Curso intensivo para grupos menores de 18 a\u00f1os\">Curso intensivo para grupos menores de 18 a\u00f1os<\/option><option value=\"otros\">otros<\/option><\/select><\/span>\n\t<\/p>\n<\/div>\n<p><span class=\"wpcf7-form-control-wrap\" data-name=\"acceptance-753\"><span class=\"wpcf7-form-control wpcf7-acceptance\"><span class=\"wpcf7-list-item\"><label><input type=\"checkbox\" name=\"acceptance-753\" value=\"1\" aria-invalid=\"false\" \/><span class=\"wpcf7-list-item-label\"><a href='https:\/\/alicante.eleusal.com\/wp-content\/uploads\/sites\/8\/2021\/09\/ELE-USAL-Alicante-Pol\u00edtica_de_Privacidad.pdf' target='_blank'>Acepto la Pol\u00edtica de Privacidad<\/a><\/span><\/label><\/span><\/span><\/span>\n<\/p>\n<p><input class=\"wpcf7-form-control wpcf7-submit has-spinner\" type=\"submit\" value=\"Enviar\" \/>\n<\/p><input type=\"hidden\" id=\"ct_checkjs_cf7_df263d996281d984952c07998dc54358\" name=\"ct_checkjs_cf7\" value=\"0\" \/><script >setTimeout(function(){var ct_input_name = \"ct_checkjs_cf7_df263d996281d984952c07998dc54358\";if (document.getElementById(ct_input_name) !== null) {var ct_input_value = document.getElementById(ct_input_name).value;document.getElementById(ct_input_name).value = document.getElementById(ct_input_name).value.replace(ct_input_value, 'd97f5316e3197b9518a9d0fd2c74b8e9ede7b4125f0d71e1687610c37b665df3');}}, 1000);<\/script><label class=\"apbct_special_field\" id=\"apbct_label_id82941\" for=\"apbct__email_id__wp_contact_form_7_82941\">82941<\/label><input\n            id=\"apbct__email_id__wp_contact_form_7_82941\"\n            class=\"apbct_special_field apbct__email_id__wp_contact_form_7\"\n            name=\"apbct__email_id__wp_contact_form_7_82941\"\n            type=\"text\" size=\"30\" maxlength=\"200\" autocomplete=\"off\"\n            value=\"82941\" apbct_event_id=\"82941\"\n            \/><input id=\"apbct_event_id_wp_contact_form_7_82941\"\n                class=\"apbct_special_field\" name=\"apbct_event_id\" type=\"hidden\" value=\"82941\" \/><div class=\"wpcf7-response-output\" aria-hidden=\"true\"><\/div>\n<\/form>\n<\/div>\n[\/vc_column_text][\/vc_column][\/vc_row]<\/p>\n","protected":false},"excerpt":{"rendered":"<p>[vc_row css_animation=\u00bb\u00bb row_type=\u00bbrow\u00bb use_row_as_full_screen_section=\u00bbno\u00bb type=\u00bbgrid\u00bb angled_section=\u00bbno\u00bb text_align=\u00bbcenter\u00bb background_image_as_pattern=\u00bbwithout_pattern\u00bb padding_bottom=\u00bb39&#8243; css=\u00bb.vc_custom_1526025235376{background-color: #ffffff !important;background-position: center !important;background-repeat: no-repeat !important;background-size: cover !important;}\u00bb z_index=\u00bb4&#8243;][vc_column][vc_empty_space height=\u00bb62px\u00bb][vc_column_text][\/vc_column_text][\/vc_column][\/vc_row][vc_row css_animation=\u00bb\u00bb row_type=\u00bbrow\u00bb use_row_as_full_screen_section=\u00bbno\u00bb type=\u00bbgrid\u00bb angled_section=\u00bbno\u00bb text_align=\u00bbleft\u00bb background_image_as_pattern=\u00bbwithout_pattern\u00bb padding_bottom=\u00bb120&#8243; z_index=\u00bb6&#8243; css=\u00bb.vc_custom_1582107374144{margin-top: 0px !important;margin-right: 0px !important;margin-bottom: 0px !important;margin-left: 6px !important;background-color: #ffffff !important;}\u00bb][vc_column width=\u00bb1\/2&#8243;][qode_elements_holder number_of_columns=\u00bbone_column\u00bb][qode_elements_holder_item advanced_animations=\u00bbno\u00bb item_padding=\u00bb6% 6% 6% 6%\u00bb][vc_gmaps link=\u00bb#E-8_JTNDaWZyYW1lJTIwc3JjJTNEJTIyaHR0cHMlM0ElMkYlMkZ3d3cuZ29vZ2xlLmNvbSUyRm1hcHMlMkZlbWJlZCUzRnBiJTNEJTIxMW0xOCUyMTFtMTIlMjExbTMlMjExZDMxMjkuMTAyNDE4MDI2NjU5JTIxMmQtMC40ODY5ODE5ODQzOTE2NDQ3JTIxM2QzOC4zNDY2MTE0ODY4MjUxMyUyMTJtMyUyMTFmMCUyMTJmMCUyMTNmMCUyMTNtMiUyMTFpMTAyNCUyMTJpNzY4JTIxNGYxMy4xJTIxM20zJTIxMW0yJTIxMXMweGQ2MjM3YjI3MjZhYzA5ZCUyNTNBMHhhYWYzZmYyNDQ1NGJmYzk0JTIxMnNSYW1ibGElMjUyME0lMjVDMyUyNUE5bmRleiUyNTIwTiUyNUMzJTI1QkElMjVDMyUyNUIxZXolMjUyQyUyNTIwMzclMjUyQyUyNTIwMDMwMDIlMjUyMEFsaWNhbnRlJTI1MjAlMjhBbGFjYW50JTI5JTI1MkMlMjUyMEFsaWNhbnRlJTIxNWUwJTIxM20yJTIxMXNlcyUyMTJzZXMlMjE0djE1ODIwOTY1OTUzMjglMjE1bTIlMjExc2VzJTIxMnNlcyUyMiUyMHdpZHRoJTNEJTIyNjAwJTIyJTIwaGVpZ2h0JTNEJTIyNDUwJTIyJTIwZnJhbWVib3JkZXIlM0QlMjIwJTIyJTIwc3R5bGUlM0QlMjJib3JkZXIlM0EwJTNCJTIyJTIwYWxsb3dmdWxsc2NyZWVuJTNEJTIyJTIyJTNFJTNDJTJGaWZyYW1lJTNF\u00bb][\/qode_elements_holder_item][\/qode_elements_holder][vc_empty_space][\/vc_column][vc_column width=\u00bb1\/2&#8243;][vc_column_text] Contacta con nosotros [\/vc_column_text][vc_column_text][\/vc_column_text][\/vc_column][\/vc_row]<\/p>\n","protected":false},"author":3,"featured_media":0,"parent":0,"menu_order":0,"comment_status":"closed","ping_status":"closed","template":"full_width.php","meta":{"footnotes":""},"class_list":["post-1836","page","type-page","status-publish","hentry"],"_links":{"self":[{"href":"https:\/\/alicante.eleusal.com\/es\/wp-json\/wp\/v2\/pages\/1836","targetHints":{"allow":["GET"]}}],"collection":[{"href":"https:\/\/alicante.eleusal.com\/es\/wp-json\/wp\/v2\/pages"}],"about":[{"href":"https:\/\/alicante.eleusal.com\/es\/wp-json\/wp\/v2\/types\/page"}],"author":[{"embeddable":true,"href":"https:\/\/alicante.eleusal.com\/es\/wp-json\/wp\/v2\/users\/3"}],"replies":[{"embeddable":true,"href":"https:\/\/alicante.eleusal.com\/es\/wp-json\/wp\/v2\/comments?post=1836"}],"version-history":[{"count":13,"href":"https:\/\/alicante.eleusal.com\/es\/wp-json\/wp\/v2\/pages\/1836\/revisions"}],"predecessor-version":[{"id":8264,"href":"https:\/\/alicante.eleusal.com\/es\/wp-json\/wp\/v2\/pages\/1836\/revisions\/8264"}],"wp:attachment":[{"href":"https:\/\/alicante.eleusal.com\/es\/wp-json\/wp\/v2\/media?parent=1836"}],"curies":[{"name":"wp","href":"https:\/\/api.w.org\/{rel}","templated":true}]}}