{"id":1442,"date":"2019-11-08T18:49:48","date_gmt":"2019-11-08T17:49:48","guid":{"rendered":"https:\/\/alicante.eleusal.com\/alicante-copy\/"},"modified":"2025-11-27T09:29:03","modified_gmt":"2025-11-27T08:29:03","slug":"escuela","status":"publish","type":"page","link":"https:\/\/alicante.eleusal.com\/es\/escuela\/","title":{"rendered":"La escuela"},"content":{"rendered":"<p>[vc_row css_animation=\u00bb\u00bb row_type=\u00bbrow\u00bb use_row_as_full_screen_section=\u00bbno\u00bb type=\u00bbfull_width\u00bb angled_section=\u00bbno\u00bb text_align=\u00bbleft\u00bb background_image_as_pattern=\u00bbwithout_pattern\u00bb][vc_column][vc_single_image image=\u00bb8257&#8243; img_size=\u00bbfull\u00bb alignment=\u00bbcenter\u00bb qode_css_animation=\u00bb\u00bb][\/vc_column][\/vc_row][vc_row css_animation=\u00bb\u00bb row_type=\u00bbrow\u00bb use_row_as_full_screen_section=\u00bbno\u00bb type=\u00bbgrid\u00bb angled_section=\u00bbno\u00bb text_align=\u00bbleft\u00bb background_image_as_pattern=\u00bbwithout_pattern\u00bb z_index=\u00bb\u00bb css=\u00bb.vc_custom_1721031974237{background-color: #ffffff !important;}\u00bb][vc_column width=\u00bb2\/3&#8243;][vc_empty_space][vc_column_text]<\/p>\n<h2 style=\"text-align: justify;font-size: 25px;padding-bottom: 25px\"><span style=\"color: #d22020\"><strong><b>Sobre nosotros:<\/b><\/strong><\/span><\/h2>\n<p style=\"text-align: justify;font-size: 15px;padding-bottom: 25px\"><span style=\"color: #000000\">Alicante <\/span><span style=\"color: #000000\"> alberga una de las Escuelas de Espa\u00f1ol de la Universidad de Salamanca, esta Universidad es l\u00edder mundial en ense\u00f1anza y certificaci\u00f3n de Espa\u00f1ol como Lengua Extranjera.\u00a0<\/span><\/p>\n<p style=\"text-align: justify;font-size: 15px;padding-bottom: 25px\"><span style=\"color: #000000\">La escuela est\u00e1 ubicada en Rbla. de M\u00e9ndez N\u00fa\u00f1ez, 37, a tan s\u00f3lo 10 minutos de la playa y en el centro de Alicante.<\/span><\/p>\n<p>[\/vc_column_text][vc_column_text]<\/p>\n<p style=\"text-align: justify;font-size: 15px;padding-bottom: 10px\"><span style=\"color: #000000\">La Escuela de Lengua Espa\u00f1ola de la Universidad de Salamanca (ELE USAL) gestiona una red global de escuelas de espa\u00f1ol para extranjeros. Por ello, ELE USAL Alicante tiene el prestigioso sello de la Universidad de Salamanca y ofrece calidad y experiencia en ense\u00f1anza.<\/span><\/p>\n<p style=\"text-align: justify;font-size: 15px;padding-bottom: 10px\"><span style=\"color: #000000\">En 1492, la USAL public\u00f3 la primera Gram\u00e1tica de la Lengua Castellana de Antonio de Nebrija, promoviendo el espa\u00f1ol. Desde entonces, la Universidad de Salamanca ha trabajado para promover la ense\u00f1anza del espa\u00f1ol como lengua extranjera.<\/span><\/p>\n<p>[\/vc_column_text][vc_empty_space][vc_empty_space]<div class=\"q_icon_list\"><i class=\"qode_icon_font_awesome fa fa-check-circle qode-ili-icon-holder circle\" style=\"background-color: #d22020;\" ><\/i><p style=\"color:#000000;font-size: 18px;\">Escuela de espa\u00f1ol con la excelencia y la calidad de la Universidad de Salamanca.<\/p><\/div><div class=\"q_icon_list\"><i class=\"qode_icon_font_awesome fa fa-check-circle qode-ili-icon-holder circle\" style=\"background-color: #d22020;\" ><\/i><p style=\"color:#000000;font-size: 18px;\">Centro examinador del Instituto Cervantes (DELE, SIELE).<\/p><\/div><div class=\"q_icon_list\"><i class=\"qode_icon_font_awesome fa fa-check-circle qode-ili-icon-holder circle\" style=\"background-color: #d22020;\" ><\/i><p style=\"color:#000000;font-size: 18px;\">Excelente ubicaci\u00f3n, cerca del centro de la ciudad.<\/p><\/div><div class=\"qode_video_box disabled_hover_overlay\">\n\t<a itemprop=\"image\" class=\"qode_video_image\" href=\"https:\/\/youtu.be\/bwEioAtMilE\" data-rel=\"prettyPhoto\">\n\t\t\t\n\t\t\t<img decoding=\"async\" src=\"https:\/\/alicante.eleusal.com\/wp-content\/uploads\/sites\/8\/2024\/07\/PRESENTACION-ELE-USAL-ALICANTE.jpg\" \/>\n\t\t\t<span class=\"qode_video_box_button_holder\">\n\t\t\t\t<span class=\"qode_video_box_button\">\n\t\t\t\t\t<span class=\"qode_video_box_button_arrow\">\n\t\t\t\t\t<\/span>\n\t\t\t\t<\/span>\n\t\t\t<\/span>\n\t\t\t<\/a>\n<\/div>[\/vc_column][vc_column width=\u00bb1\/3&#8243;][vc_empty_space][vc_raw_html]JTVCdmNfc2VwYXJhdG9yJTIwdHlwZSUzRCUyMnRyYW5zcGFyZW50JTIyJTIwdXAlM0QlMjItMSUyMiU1RCUwQSUwQSUzQ2lmcmFtZSUyMHNyYyUzRCUyMmh0dHBzJTNBJTJGJTJGd3d3Lmdvb2dsZS5jb20lMkZtYXBzJTJGZW1iZWQlM0ZwYiUzRCUyMTFtMTglMjExbTEyJTIxMW0zJTIxMWQzMTI5LjEwMjYwMDEyNjU0NzMlMjEyZC0wLjQ4NzM2ODIyNDA4OTUwMDA0JTIxM2QzOC4zNDY2MDcyNzE4NDY4NyUyMTJtMyUyMTFmMCUyMTJmMCUyMTNmMCUyMTNtMiUyMTFpMTAyNCUyMTJpNzY4JTIxNGYxMy4xJTIxM20zJTIxMW0yJTIxMXMweGQ2MjM3YjI3MWVjZDA4ZCUyNTNBMHhkOTMzMDY0NGVkOGRmNGIzJTIxMnNFTEUlMjUyMFVTQUwlMjUyMEFsaWNhbnRlJTIxNWUwJTIxM20yJTIxMXNlcyUyMTJzZXMlMjE0djE3MjEwMjU4NjIyMDclMjE1bTIlMjExc2VzJTIxMnNlcyUyMiUyMHdpZHRoJTNEJTIyNjAwJTIyJTIwaGVpZ2h0JTNEJTIyNDUwJTIyJTIwZnJhbWVib3JkZXIlM0QlMjIwJTIyJTIwYWxsb3dmdWxsc2NyZWVuJTNFJTNDJTJGaWZyYW1lJTNF[\/vc_raw_html][vc_empty_space]\n<div class=\"wpcf7 no-js\" id=\"wpcf7-f728-o1\" lang=\"en-US\" dir=\"ltr\" data-wpcf7-id=\"728\">\n<div class=\"screen-reader-response\"><p role=\"status\" aria-live=\"polite\" aria-atomic=\"true\"><\/p> <ul><\/ul><\/div>\n<form action=\"\/es\/wp-json\/wp\/v2\/pages\/1442#wpcf7-f728-o1\" method=\"post\" class=\"wpcf7-form init default\" aria-label=\"Contact form\" novalidate=\"novalidate\" data-status=\"init\">\n<div style=\"display: none;\">\n<input type=\"hidden\" name=\"_wpcf7\" value=\"728\" \/>\n<input type=\"hidden\" name=\"_wpcf7_version\" value=\"6.0.1\" \/>\n<input type=\"hidden\" name=\"_wpcf7_locale\" value=\"en_US\" \/>\n<input type=\"hidden\" name=\"_wpcf7_unit_tag\" value=\"wpcf7-f728-o1\" \/>\n<input type=\"hidden\" name=\"_wpcf7_container_post\" value=\"0\" \/>\n<input type=\"hidden\" name=\"_wpcf7_posted_data_hash\" value=\"\" \/>\n<\/div>\n<div>\n\t<p><span class=\"wpcf7-form-control-wrap\" data-name=\"text-322\"><input size=\"40\" maxlength=\"400\" class=\"wpcf7-form-control wpcf7-text\" aria-invalid=\"false\" placeholder=\"Introduzca su nombre y apellidos...\" value=\"\" type=\"text\" name=\"text-322\" \/><\/span>\n\t<\/p>\n<\/div>\n<p><span class=\"wpcf7-form-control-wrap\" data-name=\"email-649\"><input size=\"40\" maxlength=\"400\" class=\"wpcf7-form-control wpcf7-email wpcf7-validates-as-required wpcf7-text wpcf7-validates-as-email\" aria-required=\"true\" aria-invalid=\"false\" placeholder=\"Correo electr\u00f3nico\" value=\"\" type=\"email\" name=\"email-649\" \/><\/span>\n<\/p>\n<div>\n\t<p><span class=\"wpcf7-form-control-wrap\" data-name=\"textarea-836\"><textarea cols=\"40\" rows=\"10\" maxlength=\"2000\" class=\"wpcf7-form-control wpcf7-textarea\" aria-invalid=\"false\" placeholder=\"Mensaje\" name=\"textarea-836\"><\/textarea><\/span>\n\t<\/p>\n<\/div>\n<p><label>Estoy interesado en<\/label>\n<\/p>\n<div>\n\t<p><span class=\"wpcf7-form-control-wrap\" data-name=\"Course\"><select class=\"wpcf7-form-control wpcf7-select\" aria-invalid=\"false\" multiple=\"multiple\" name=\"Course[]\"><option value=\"Curso de preparaci\u00f3n al DELE\">Curso de preparaci\u00f3n al DELE<\/option><option value=\"Cursos Intensivos espa\u00f1ol\">Cursos Intensivos espa\u00f1ol<\/option><option value=\"Espa\u00f1ol para empresas\">Espa\u00f1ol para empresas<\/option><option value=\"Curso de formaci\u00f3n para profesores  ELE\">Curso de formaci\u00f3n para profesores  ELE<\/option><option value=\"Curso intensivo para grupos menores de 18 a\u00f1os\">Curso intensivo para grupos menores de 18 a\u00f1os<\/option><option value=\"otros\">otros<\/option><\/select><\/span>\n\t<\/p>\n<\/div>\n<p><span class=\"wpcf7-form-control-wrap\" data-name=\"acceptance-753\"><span class=\"wpcf7-form-control wpcf7-acceptance\"><span class=\"wpcf7-list-item\"><label><input type=\"checkbox\" name=\"acceptance-753\" value=\"1\" aria-invalid=\"false\" \/><span class=\"wpcf7-list-item-label\"><a href='https:\/\/alicante.eleusal.com\/wp-content\/uploads\/sites\/8\/2021\/09\/ELE-USAL-Alicante-Pol\u00edtica_de_Privacidad.pdf' target='_blank'>Acepto la Pol\u00edtica de Privacidad<\/a><\/span><\/label><\/span><\/span><\/span>\n<\/p>\n<p><input class=\"wpcf7-form-control wpcf7-submit has-spinner\" type=\"submit\" value=\"Enviar\" \/>\n<\/p><input type=\"hidden\" id=\"ct_checkjs_cf7_839ab46820b524afda05122893c2fe8e\" name=\"ct_checkjs_cf7\" value=\"0\" \/><script >setTimeout(function(){var ct_input_name = \"ct_checkjs_cf7_839ab46820b524afda05122893c2fe8e\";if (document.getElementById(ct_input_name) !== null) {var ct_input_value = document.getElementById(ct_input_name).value;document.getElementById(ct_input_name).value = document.getElementById(ct_input_name).value.replace(ct_input_value, 'd97f5316e3197b9518a9d0fd2c74b8e9ede7b4125f0d71e1687610c37b665df3');}}, 1000);<\/script><label class=\"apbct_special_field\" id=\"apbct_label_id76323\" for=\"apbct__email_id__wp_contact_form_7_76323\">76323<\/label><input\n            id=\"apbct__email_id__wp_contact_form_7_76323\"\n            class=\"apbct_special_field apbct__email_id__wp_contact_form_7\"\n            name=\"apbct__email_id__wp_contact_form_7_76323\"\n            type=\"text\" size=\"30\" maxlength=\"200\" autocomplete=\"off\"\n            value=\"76323\" apbct_event_id=\"76323\"\n            \/><input id=\"apbct_event_id_wp_contact_form_7_76323\"\n                class=\"apbct_special_field\" name=\"apbct_event_id\" type=\"hidden\" value=\"76323\" \/><div class=\"wpcf7-response-output\" aria-hidden=\"true\"><\/div>\n<\/form>\n<\/div>\n[\/vc_column][\/vc_row]<\/p>\n","protected":false},"excerpt":{"rendered":"<p>[vc_row css_animation=\u00bb\u00bb row_type=\u00bbrow\u00bb use_row_as_full_screen_section=\u00bbno\u00bb type=\u00bbfull_width\u00bb angled_section=\u00bbno\u00bb text_align=\u00bbleft\u00bb background_image_as_pattern=\u00bbwithout_pattern\u00bb][vc_column][vc_single_image image=\u00bb8257&#8243; img_size=\u00bbfull\u00bb alignment=\u00bbcenter\u00bb qode_css_animation=\u00bb\u00bb][\/vc_column][\/vc_row][vc_row css_animation=\u00bb\u00bb row_type=\u00bbrow\u00bb use_row_as_full_screen_section=\u00bbno\u00bb type=\u00bbgrid\u00bb angled_section=\u00bbno\u00bb text_align=\u00bbleft\u00bb background_image_as_pattern=\u00bbwithout_pattern\u00bb z_index=\u00bb\u00bb css=\u00bb.vc_custom_1721031974237{background-color: #ffffff !important;}\u00bb][vc_column width=\u00bb2\/3&#8243;][vc_empty_space][vc_column_text] Sobre nosotros: Alicante alberga una de las Escuelas de Espa\u00f1ol de la Universidad de Salamanca, esta Universidad es l\u00edder mundial en ense\u00f1anza y certificaci\u00f3n de Espa\u00f1ol como Lengua Extranjera.\u00a0 La escuela est\u00e1 ubicada en Rbla. de M\u00e9ndez N\u00fa\u00f1ez, 37, a tan s\u00f3lo 10 minutos de la playa y en el centro de Alicante. [\/vc_column_text][vc_column_text] La Escuela de Lengua Espa\u00f1ola de la Universidad de Salamanca (ELE USAL) gestiona una red global de escuelas de espa\u00f1ol para extranjeros. Por ello, ELE USAL Alicante tiene el prestigioso sello de la Universidad de Salamanca y ofrece calidad y experiencia en ense\u00f1anza. En 1492, la USAL public\u00f3 la primera Gram\u00e1tica de la Lengua Castellana de Antonio de Nebrija, promoviendo el espa\u00f1ol. Desde entonces, la Universidad de Salamanca ha trabajado para promover la ense\u00f1anza del espa\u00f1ol como lengua extranjera. [\/vc_column_text][vc_empty_space][vc_empty_space][\/vc_column][vc_column width=\u00bb1\/3&#8243;][vc_empty_space][vc_raw_html]JTVCdmNfc2VwYXJhdG9yJTIwdHlwZSUzRCUyMnRyYW5zcGFyZW50JTIyJTIwdXAlM0QlMjItMSUyMiU1RCUwQSUwQSUzQ2lmcmFtZSUyMHNyYyUzRCUyMmh0dHBzJTNBJTJGJTJGd3d3Lmdvb2dsZS5jb20lMkZtYXBzJTJGZW1iZWQlM0ZwYiUzRCUyMTFtMTglMjExbTEyJTIxMW0zJTIxMWQzMTI5LjEwMjYwMDEyNjU0NzMlMjEyZC0wLjQ4NzM2ODIyNDA4OTUwMDA0JTIxM2QzOC4zNDY2MDcyNzE4NDY4NyUyMTJtMyUyMTFmMCUyMTJmMCUyMTNmMCUyMTNtMiUyMTFpMTAyNCUyMTJpNzY4JTIxNGYxMy4xJTIxM20zJTIxMW0yJTIxMXMweGQ2MjM3YjI3MWVjZDA4ZCUyNTNBMHhkOTMzMDY0NGVkOGRmNGIzJTIxMnNFTEUlMjUyMFVTQUwlMjUyMEFsaWNhbnRlJTIxNWUwJTIxM20yJTIxMXNlcyUyMTJzZXMlMjE0djE3MjEwMjU4NjIyMDclMjE1bTIlMjExc2VzJTIxMnNlcyUyMiUyMHdpZHRoJTNEJTIyNjAwJTIyJTIwaGVpZ2h0JTNEJTIyNDUwJTIyJTIwZnJhbWVib3JkZXIlM0QlMjIwJTIyJTIwYWxsb3dmdWxsc2NyZWVuJTNFJTNDJTJGaWZyYW1lJTNF[\/vc_raw_html][vc_empty_space][\/vc_column][\/vc_row]<\/p>\n","protected":false},"author":3,"featured_media":0,"parent":0,"menu_order":0,"comment_status":"closed","ping_status":"closed","template":"full_width.php","meta":{"footnotes":""},"class_list":["post-1442","page","type-page","status-publish","hentry"],"_links":{"self":[{"href":"https:\/\/alicante.eleusal.com\/es\/wp-json\/wp\/v2\/pages\/1442","targetHints":{"allow":["GET"]}}],"collection":[{"href":"https:\/\/alicante.eleusal.com\/es\/wp-json\/wp\/v2\/pages"}],"about":[{"href":"https:\/\/alicante.eleusal.com\/es\/wp-json\/wp\/v2\/types\/page"}],"author":[{"embeddable":true,"href":"https:\/\/alicante.eleusal.com\/es\/wp-json\/wp\/v2\/users\/3"}],"replies":[{"embeddable":true,"href":"https:\/\/alicante.eleusal.com\/es\/wp-json\/wp\/v2\/comments?post=1442"}],"version-history":[{"count":48,"href":"https:\/\/alicante.eleusal.com\/es\/wp-json\/wp\/v2\/pages\/1442\/revisions"}],"predecessor-version":[{"id":8259,"href":"https:\/\/alicante.eleusal.com\/es\/wp-json\/wp\/v2\/pages\/1442\/revisions\/8259"}],"wp:attachment":[{"href":"https:\/\/alicante.eleusal.com\/es\/wp-json\/wp\/v2\/media?parent=1442"}],"curies":[{"name":"wp","href":"https:\/\/api.w.org\/{rel}","templated":true}]}}